{"id":1213,"date":"2020-05-02T11:41:14","date_gmt":"2020-05-02T10:41:14","guid":{"rendered":"https:\/\/akcijasiepakojums.lv\/?page_id=1213"},"modified":"2020-05-02T13:01:06","modified_gmt":"2020-05-02T12:01:06","slug":"iepakojuma-izstrades-konsultacija","status":"publish","type":"page","link":"https:\/\/akcijasiepakojums.lv\/ru\/iepakojuma-izstrades-konsultacija\/","title":{"rendered":"Iepakojuma izstr\u0101des konsult\u0101cija"},"content":{"rendered":"<div class=\"fusion-fullwidth fullwidth-box fusion-builder-row-1 nonhundred-percent-fullwidth non-hundred-percent-height-scrolling\"  style='background-color: #1b2032;background-position: center center;background-repeat: no-repeat;padding-top:180px;padding-right:0px;padding-bottom:50px;padding-left:0px;margin-top: 0px;'><div class=\"fusion-builder-row fusion-row\"><div  class=\"fusion-layout-column fusion_builder_column fusion_builder_column_1_2 fusion-builder-column-1 fusion-one-half fusion-column-first 1_2\"  style='margin-top:25px;margin-bottom:25px;width:50%;width:calc(50% - ( ( 4% ) * 0.5 ) );margin-right: 4%;'>\n\t\t\t\t\t<div class=\"fusion-column-wrapper\" style=\"background-color:#ffffff;padding: 1px 50px 53px 50px;background-position:left top;background-repeat:no-repeat;-webkit-background-size:cover;-moz-background-size:cover;-o-background-size:cover;background-size:cover;\"   data-bg-url=\"\">\n\t\t\t\t\t\t<div class=\"fusion-sep-clear\"><\/div><div class=\"fusion-separator fusion-full-width-sep sep-none\" style=\"margin-left: auto;margin-right: auto;margin-top:;\"><\/div><div class=\"fusion-text\"><div class=\"wpforms-container wpforms-container-full\" id=\"wpforms-1211\"><form id=\"wpforms-form-1211\" class=\"wpforms-validate wpforms-form\" data-formid=\"1211\" method=\"post\" enctype=\"multipart\/form-data\" action=\"\/ru\/wp-json\/wp\/v2\/pages\/1213\" data-trp-original-action=\"\/ru\/wp-json\/wp\/v2\/pages\/1213\"><div class=\"wpforms-field-container\"><div id=\"wpforms-1211-field_3-container\" class=\"wpforms-field wpforms-field-html\" data-field-id=\"3\"><div id=\"wpforms-1211-field_3\">Darba dien\u0101s sagatavojam iepakojuma cenu pied\u0101v\u0101jumu 3 stundu laik\u0101! Ja m\u0113s to neizdaram noteiktaj\u0101 termi\u0146\u0101, tad veicot pas\u016bt\u012bjumu pie mums, J\u016bs autom\u0101tiski sa\u0146emat 8 % atlaidi!<\/div><\/div><div id=\"wpforms-1211-field_0-container\" class=\"wpforms-field wpforms-field-name\" data-field-id=\"0\"><label class=\"wpforms-field-label\" for=\"wpforms-1211-field_0\">\u0418\u043c\u044f <span class=\"wpforms-required-label\">*<\/span><\/label><input type=\"text\" id=\"wpforms-1211-field_0\" class=\"wpforms-field-medium wpforms-field-required\" name=\"wpforms[fields][0]\" required><\/div><div id=\"wpforms-1211-field_4-container\" class=\"wpforms-field wpforms-field-number\" data-field-id=\"4\"><label class=\"wpforms-field-label\" for=\"wpforms-1211-field_4\">Telefons <span class=\"wpforms-required-label\">*<\/span><\/label><input type=\"number\" pattern=\"[0-9]*\" id=\"wpforms-1211-field_4\" class=\"wpforms-field-medium wpforms-field-required\" name=\"wpforms[fields][4]\" required><\/div><div id=\"wpforms-1211-field_1-container\" class=\"wpforms-field wpforms-field-email\" data-field-id=\"1\"><label class=\"wpforms-field-label\" for=\"wpforms-1211-field_1\">E pasts <span class=\"wpforms-required-label\">*<\/span><\/label><input type=\"email\" id=\"wpforms-1211-field_1\" class=\"wpforms-field-medium wpforms-field-required\" name=\"wpforms[fields][1]\" required><\/div><div id=\"wpforms-1211-field_2-container\" class=\"wpforms-field wpforms-field-textarea\" data-field-id=\"2\"><label class=\"wpforms-field-label\" for=\"wpforms-1211-field_2\">Uzraksti savas idejas un risin\u0101jumus. Kop\u0101 atrad\u012bsim veidu k\u0101 piepild\u012bt J\u016bsu iepakojuma ideju! <span class=\"wpforms-required-label\">*<\/span><\/label><textarea id=\"wpforms-1211-field_2\" class=\"wpforms-field-medium wpforms-field-required\" name=\"wpforms[fields][2]\" required><\/textarea><\/div><\/div><div class=\"wpforms-field wpforms-field-hp\"><label for=\"wpforms-1211-field-hp\" class=\"wpforms-field-label\">Email<\/label><input type=\"text\" name=\"wpforms[hp]\" id=\"wpforms-1211-field-hp\" class=\"wpforms-field-medium\"><\/div><div class=\"wpforms-submit-container\" ><input type=\"hidden\" name=\"wpforms[id]\" value=\"1211\"><input type=\"hidden\" name=\"wpforms[author]\" value=\"1\"><button type=\"submit\" name=\"wpforms[submit]\" class=\"wpforms-submit\" id=\"wpforms-submit-1211\" value=\"wpforms-submit\" aria-live=\"assertive\" data-alt-text=\"Notiek s\u016btisana...\" data-submit-text=\"Nos\u016bt\u012bt\">Nos\u016bt\u012bt<\/button><\/div><input type=\"hidden\" name=\"trp-form-language\" value=\"ru\"\/><\/form><\/div>  <!-- .wpforms-container -->\n<\/div><div class=\"fusion-clearfix\"><\/div>\n\n\t\t\t\t\t<\/div>\n\t\t\t\t<\/div><div  class=\"fusion-layout-column fusion_builder_column fusion_builder_column_1_2 fusion-builder-column-2 fusion-one-half fusion-column-last 1_2\"  style='margin-top:25px;margin-bottom:25px;width:50%;width:calc(50% - ( ( 4% ) * 0.5 ) );'>\n\t\t\t\t\t<div class=\"fusion-column-wrapper\" style=\"padding: 0px 0px 0px 0px;background-position:left top;background-repeat:no-repeat;-webkit-background-size:cover;-moz-background-size:cover;-o-background-size:cover;background-size:cover;\"   data-bg-url=\"\">\n\t\t\t\t\t\t<div class=\"fusion-clearfix\"><\/div>\n\n\t\t\t\t\t<\/div>\n\t\t\t\t<\/div><\/div><\/div>","protected":false},"excerpt":{"rendered":"","protected":false},"author":1,"featured_media":0,"parent":0,"menu_order":0,"comment_status":"closed","ping_status":"closed","template":"100-width.php","meta":[],"_links":{"self":[{"href":"https:\/\/akcijasiepakojums.lv\/ru\/wp-json\/wp\/v2\/pages\/1213"}],"collection":[{"href":"https:\/\/akcijasiepakojums.lv\/ru\/wp-json\/wp\/v2\/pages"}],"about":[{"href":"https:\/\/akcijasiepakojums.lv\/ru\/wp-json\/wp\/v2\/types\/page"}],"author":[{"embeddable":true,"href":"https:\/\/akcijasiepakojums.lv\/ru\/wp-json\/wp\/v2\/users\/1"}],"replies":[{"embeddable":true,"href":"https:\/\/akcijasiepakojums.lv\/ru\/wp-json\/wp\/v2\/comments?post=1213"}],"version-history":[{"count":2,"href":"https:\/\/akcijasiepakojums.lv\/ru\/wp-json\/wp\/v2\/pages\/1213\/revisions"}],"predecessor-version":[{"id":1223,"href":"https:\/\/akcijasiepakojums.lv\/ru\/wp-json\/wp\/v2\/pages\/1213\/revisions\/1223"}],"wp:attachment":[{"href":"https:\/\/akcijasiepakojums.lv\/ru\/wp-json\/wp\/v2\/media?parent=1213"}],"curies":[{"name":"wp","href":"https:\/\/api.w.org\/{rel}","templated":true}]}}